{"id":70,"date":"2018-04-18T12:29:54","date_gmt":"2018-04-18T10:29:54","guid":{"rendered":"http:\/\/www.edv-nagold.de\/tekkiebros\/?page_id=70"},"modified":"2022-06-29T22:01:34","modified_gmt":"2022-06-29T20:01:34","slug":"impressum","status":"publish","type":"page","link":"https:\/\/www.tekkiebros.de\/index.php\/impressum\/","title":{"rendered":"Impressum"},"content":{"rendered":"<div class=\"impressum\">\n<h1>Impressum<\/h1>\n<h2>Angaben gem\u00e4\u00df \u00a7 5 TMG:<\/h2>\n<p>TekkieBros<br \/>\n72202 Nagold<br \/>\n(Vollst\u00e4ndige Adresse auf Anfrage)<\/p>\n<h2>Vertreten durch:<\/h2>\n<p>Leo Sch\u00fchle<br \/>\nNils\u00a0Sch\u00fchle<\/p>\n<h2>Kontakt:<\/h2>\n<p>E-Mail: info@tekkiebros.de<\/p>\n<h2>Verantwortlich f\u00fcr den Inhalt nach \u00a7 55 Abs. 2 RStV:<\/h2>\n<p>Leo Sch\u00fchle<br \/>\nNils Sch\u00fchle<br \/>\n72202 Nagold<br \/>\n(Vollst\u00e4ndige Adresse auf Anfrage)<\/p>\n<h2>Streitschlichtung<\/h2>\n<p>Wir\u00a0sind nicht bereit oder verpflichtet, an Streitbeilegungsverfahren vor einer Verbraucherschlichtungsstelle<br \/>\nteilzunehmen.<\/p>\n<h2>Haftung f\u00fcr Inhalte<\/h2>\n<p>Als Diensteanbieter sind wir gem\u00e4\u00df\u00a0\u00a7 7 Abs.1 TMG f\u00fcr eigene Inhalte auf diesen Seiten nach den allgemeinen Gesetzen\u00a0verantwortlich. Nach \u00a7\u00a7 8 bis 10 TMG sind wir als Diensteanbieter jedoch nicht verpflichtet,\u00a0\u00fcbermittelte oder gespeicherte fremde Informationen zu \u00fcberwachen oder nach\u00a0Umst\u00e4nden zu forschen, die auf eine rechtswidrige T\u00e4tigkeit hinweisen.<\/p>\n<p>Verpflichtungen zur Entfernung oder Sperrung der Nutzung von Informationen nach den allgemeinen\u00a0Gesetzen bleiben hiervon unber\u00fchrt. Eine diesbez\u00fcgliche Haftung ist jedoch erst ab dem\u00a0Zeitpunkt der Kenntnis einer konkreten Rechtsverletzung m\u00f6glich. Bei Bekanntwerden von\u00a0entsprechenden Rechtsverletzungen werden wir diese Inhalte umgehend entfernen.<\/p>\n<h2>Haftung<br \/>\nf\u00fcr Links<\/h2>\n<p>Unser Angebot enth\u00e4lt Links zu externen Websites Dritter, auf deren Inhalte\u00a0wir keinen Einfluss haben. Deshalb k\u00f6nnen wir f\u00fcr diese fremden Inhalte auch keine\u00a0Gew\u00e4hr \u00fcbernehmen. F\u00fcr die Inhalte der verlinkten Seiten ist stets der jeweilige Anbieter\u00a0oder Betreiber der Seiten verantwortlich. Die verlinkten Seiten wurden zum Zeitpunkt der Verlinkung auf\u00a0m\u00f6gliche Rechtsverst\u00f6\u00dfe \u00fcberpr\u00fcft. Rechtswidrige Inhalte waren zum\u00a0Zeitpunkt der Verlinkung nicht erkennbar.<\/p>\n<p>Eine permanente inhaltliche Kontrolle der verlinkten\u00a0Seiten ist jedoch ohne konkrete Anhaltspunkte einer Rechtsverletzung nicht zumutbar. Bei\u00a0Bekanntwerden von Rechtsverletzungen werden wir derartige Links umgehend entfernen.<\/p>\n<h2>Urheberrecht<\/h2>\n<p>Die durch die Seitenbetreiber erstellten Inhalte und Werke auf diesen Seiten\u00a0unterliegen dem deutschen Urheberrecht. Die Vervielf\u00e4ltigung, Bearbeitung, Verbreitung und jede\u00a0Art der Verwertung au\u00dferhalb der Grenzen des Urheberrechtes bed\u00fcrfen der schriftlichen\u00a0Zustimmung des jeweiligen Autors bzw. Erstellers. Downloads und Kopien dieser Seite sind nur f\u00fcr\u00a0den privaten, nicht kommerziellen Gebrauch gestattet.<\/p>\n<p>Soweit die Inhalte auf dieser Seite nicht\u00a0vom Betreiber erstellt wurden, werden die Urheberrechte Dritter beachtet. Insbesondere werden Inhalte\u00a0Dritter als solche gekennzeichnet. Sollten Sie trotzdem auf eine Urheberrechtsverletzung aufmerksam\u00a0werden, bitten wir um einen entsprechenden Hinweis. Bei Bekanntwerden von Rechtsverletzungen\u00a0werden wir derartige Inhalte umgehend entfernen.<\/p>\n<p>Quelle: <a href=\"https:\/\/www.erecht24.de\">eRecht24<\/a><\/p>\n<\/div>\n","protected":false},"excerpt":{"rendered":"<p>Impressum Angaben gem\u00e4\u00df \u00a7 5 TMG: TekkieBros 72202 Nagold (Vollst\u00e4ndige Adresse auf Anfrage) Vertreten durch: Leo Sch\u00fchle Nils\u00a0Sch\u00fchle Kontakt: E-Mail: info@tekkiebros.de Verantwortlich f\u00fcr den Inhalt nach \u00a7 55 Abs. 2 RStV: Leo Sch\u00fchle Nils Sch\u00fchle 72202 Nagold (Vollst\u00e4ndige Adresse auf Anfrage) Streitschlichtung Wir\u00a0sind nicht bereit oder verpflichtet, an Streitbeilegungsverfahren vor [&hellip;]<\/p>\n","protected":false},"author":1,"featured_media":0,"parent":0,"menu_order":0,"comment_status":"closed","ping_status":"closed","template":"","meta":{"footnotes":""},"class_list":["post-70","page","type-page","status-publish","hentry"],"yoast_head":"<!-- This site is optimized with the Yoast SEO plugin v25.2 - https:\/\/yoast.com\/wordpress\/plugins\/seo\/ -->\n<title>Impressum &#8212; Tekkiebros<\/title>\n<meta name=\"robots\" content=\"index, follow, max-snippet:-1, max-image-preview:large, max-video-preview:-1\" \/>\n<link rel=\"canonical\" href=\"https:\/\/www.tekkiebros.de\/index.php\/impressum\/\" \/>\n<meta property=\"og:locale\" content=\"de_DE\" \/>\n<meta property=\"og:type\" content=\"article\" \/>\n<meta property=\"og:title\" content=\"Impressum &#8212; Tekkiebros\" \/>\n<meta property=\"og:description\" content=\"Impressum Angaben gem\u00e4\u00df \u00a7 5 TMG: TekkieBros 72202 Nagold (Vollst\u00e4ndige Adresse auf Anfrage) Vertreten durch: Leo Sch\u00fchle Nils\u00a0Sch\u00fchle Kontakt: E-Mail: info@tekkiebros.de Verantwortlich f\u00fcr den Inhalt nach \u00a7 55 Abs. 2 RStV: Leo Sch\u00fchle Nils Sch\u00fchle 72202 Nagold (Vollst\u00e4ndige Adresse auf Anfrage) Streitschlichtung Wir\u00a0sind nicht bereit oder verpflichtet, an Streitbeilegungsverfahren vor [&hellip;]\" \/>\n<meta property=\"og:url\" content=\"https:\/\/www.tekkiebros.de\/index.php\/impressum\/\" \/>\n<meta property=\"og:site_name\" content=\"Tekkiebros\" \/>\n<meta property=\"article:modified_time\" content=\"2022-06-29T20:01:34+00:00\" \/>\n<meta name=\"twitter:card\" content=\"summary_large_image\" \/>\n<meta name=\"twitter:label1\" content=\"Gesch\u00e4tzte Lesezeit\" \/>\n\t<meta name=\"twitter:data1\" content=\"2\u00a0Minuten\" \/>\n<script type=\"application\/ld+json\" class=\"yoast-schema-graph\">{\"@context\":\"https:\/\/schema.org\",\"@graph\":[{\"@type\":\"WebPage\",\"@id\":\"https:\/\/www.tekkiebros.de\/index.php\/impressum\/\",\"url\":\"https:\/\/www.tekkiebros.de\/index.php\/impressum\/\",\"name\":\"Impressum &#8212; Tekkiebros\",\"isPartOf\":{\"@id\":\"https:\/\/www.tekkiebros.de\/#website\"},\"datePublished\":\"2018-04-18T10:29:54+00:00\",\"dateModified\":\"2022-06-29T20:01:34+00:00\",\"breadcrumb\":{\"@id\":\"https:\/\/www.tekkiebros.de\/index.php\/impressum\/#breadcrumb\"},\"inLanguage\":\"de\",\"potentialAction\":[{\"@type\":\"ReadAction\",\"target\":[\"https:\/\/www.tekkiebros.de\/index.php\/impressum\/\"]}]},{\"@type\":\"BreadcrumbList\",\"@id\":\"https:\/\/www.tekkiebros.de\/index.php\/impressum\/#breadcrumb\",\"itemListElement\":[{\"@type\":\"ListItem\",\"position\":1,\"name\":\"Startseite\",\"item\":\"https:\/\/www.tekkiebros.de\/\"},{\"@type\":\"ListItem\",\"position\":2,\"name\":\"Impressum\"}]},{\"@type\":\"WebSite\",\"@id\":\"https:\/\/www.tekkiebros.de\/#website\",\"url\":\"https:\/\/www.tekkiebros.de\/\",\"name\":\"Tekkiebros\",\"description\":\"\",\"publisher\":{\"@id\":\"https:\/\/www.tekkiebros.de\/#organization\"},\"potentialAction\":[{\"@type\":\"SearchAction\",\"target\":{\"@type\":\"EntryPoint\",\"urlTemplate\":\"https:\/\/www.tekkiebros.de\/?s={search_term_string}\"},\"query-input\":{\"@type\":\"PropertyValueSpecification\",\"valueRequired\":true,\"valueName\":\"search_term_string\"}}],\"inLanguage\":\"de\"},{\"@type\":\"Organization\",\"@id\":\"https:\/\/www.tekkiebros.de\/#organization\",\"name\":\"Tekkiebros\",\"url\":\"https:\/\/www.tekkiebros.de\/\",\"logo\":{\"@type\":\"ImageObject\",\"inLanguage\":\"de\",\"@id\":\"https:\/\/www.tekkiebros.de\/#\/schema\/logo\/image\/\",\"url\":\"https:\/\/www.tekkiebros.de\/wp-content\/uploads\/TekkieBros-Logo_small-Kopie.jpg\",\"contentUrl\":\"https:\/\/www.tekkiebros.de\/wp-content\/uploads\/TekkieBros-Logo_small-Kopie.jpg\",\"width\":320,\"height\":106,\"caption\":\"Tekkiebros\"},\"image\":{\"@id\":\"https:\/\/www.tekkiebros.de\/#\/schema\/logo\/image\/\"}}]}<\/script>\n<!-- \/ Yoast SEO plugin. -->","yoast_head_json":{"title":"Impressum &#8212; Tekkiebros","robots":{"index":"index","follow":"follow","max-snippet":"max-snippet:-1","max-image-preview":"max-image-preview:large","max-video-preview":"max-video-preview:-1"},"canonical":"https:\/\/www.tekkiebros.de\/index.php\/impressum\/","og_locale":"de_DE","og_type":"article","og_title":"Impressum &#8212; Tekkiebros","og_description":"Impressum Angaben gem\u00e4\u00df \u00a7 5 TMG: TekkieBros 72202 Nagold (Vollst\u00e4ndige Adresse auf Anfrage) Vertreten durch: Leo Sch\u00fchle Nils\u00a0Sch\u00fchle Kontakt: E-Mail: info@tekkiebros.de Verantwortlich f\u00fcr den Inhalt nach \u00a7 55 Abs. 2 RStV: Leo Sch\u00fchle Nils Sch\u00fchle 72202 Nagold (Vollst\u00e4ndige Adresse auf Anfrage) Streitschlichtung Wir\u00a0sind nicht bereit oder verpflichtet, an Streitbeilegungsverfahren vor [&hellip;]","og_url":"https:\/\/www.tekkiebros.de\/index.php\/impressum\/","og_site_name":"Tekkiebros","article_modified_time":"2022-06-29T20:01:34+00:00","twitter_card":"summary_large_image","twitter_misc":{"Gesch\u00e4tzte Lesezeit":"2\u00a0Minuten"},"schema":{"@context":"https:\/\/schema.org","@graph":[{"@type":"WebPage","@id":"https:\/\/www.tekkiebros.de\/index.php\/impressum\/","url":"https:\/\/www.tekkiebros.de\/index.php\/impressum\/","name":"Impressum &#8212; Tekkiebros","isPartOf":{"@id":"https:\/\/www.tekkiebros.de\/#website"},"datePublished":"2018-04-18T10:29:54+00:00","dateModified":"2022-06-29T20:01:34+00:00","breadcrumb":{"@id":"https:\/\/www.tekkiebros.de\/index.php\/impressum\/#breadcrumb"},"inLanguage":"de","potentialAction":[{"@type":"ReadAction","target":["https:\/\/www.tekkiebros.de\/index.php\/impressum\/"]}]},{"@type":"BreadcrumbList","@id":"https:\/\/www.tekkiebros.de\/index.php\/impressum\/#breadcrumb","itemListElement":[{"@type":"ListItem","position":1,"name":"Startseite","item":"https:\/\/www.tekkiebros.de\/"},{"@type":"ListItem","position":2,"name":"Impressum"}]},{"@type":"WebSite","@id":"https:\/\/www.tekkiebros.de\/#website","url":"https:\/\/www.tekkiebros.de\/","name":"Tekkiebros","description":"","publisher":{"@id":"https:\/\/www.tekkiebros.de\/#organization"},"potentialAction":[{"@type":"SearchAction","target":{"@type":"EntryPoint","urlTemplate":"https:\/\/www.tekkiebros.de\/?s={search_term_string}"},"query-input":{"@type":"PropertyValueSpecification","valueRequired":true,"valueName":"search_term_string"}}],"inLanguage":"de"},{"@type":"Organization","@id":"https:\/\/www.tekkiebros.de\/#organization","name":"Tekkiebros","url":"https:\/\/www.tekkiebros.de\/","logo":{"@type":"ImageObject","inLanguage":"de","@id":"https:\/\/www.tekkiebros.de\/#\/schema\/logo\/image\/","url":"https:\/\/www.tekkiebros.de\/wp-content\/uploads\/TekkieBros-Logo_small-Kopie.jpg","contentUrl":"https:\/\/www.tekkiebros.de\/wp-content\/uploads\/TekkieBros-Logo_small-Kopie.jpg","width":320,"height":106,"caption":"Tekkiebros"},"image":{"@id":"https:\/\/www.tekkiebros.de\/#\/schema\/logo\/image\/"}}]}},"_links":{"self":[{"href":"https:\/\/www.tekkiebros.de\/index.php\/wp-json\/wp\/v2\/pages\/70","targetHints":{"allow":["GET"]}}],"collection":[{"href":"https:\/\/www.tekkiebros.de\/index.php\/wp-json\/wp\/v2\/pages"}],"about":[{"href":"https:\/\/www.tekkiebros.de\/index.php\/wp-json\/wp\/v2\/types\/page"}],"author":[{"embeddable":true,"href":"https:\/\/www.tekkiebros.de\/index.php\/wp-json\/wp\/v2\/users\/1"}],"replies":[{"embeddable":true,"href":"https:\/\/www.tekkiebros.de\/index.php\/wp-json\/wp\/v2\/comments?post=70"}],"version-history":[{"count":8,"href":"https:\/\/www.tekkiebros.de\/index.php\/wp-json\/wp\/v2\/pages\/70\/revisions"}],"predecessor-version":[{"id":718,"href":"https:\/\/www.tekkiebros.de\/index.php\/wp-json\/wp\/v2\/pages\/70\/revisions\/718"}],"wp:attachment":[{"href":"https:\/\/www.tekkiebros.de\/index.php\/wp-json\/wp\/v2\/media?parent=70"}],"curies":[{"name":"wp","href":"https:\/\/api.w.org\/{rel}","templated":true}]}}