{"id":152,"date":"2018-04-26T12:17:45","date_gmt":"2018-04-26T10:17:45","guid":{"rendered":"http:\/\/www.tekkiebros.de\/?page_id=152"},"modified":"2020-05-07T15:58:26","modified_gmt":"2020-05-07T13:58:26","slug":"datenschutz","status":"publish","type":"page","link":"https:\/\/www.tekkiebros.de\/index.php\/datenschutz\/","title":{"rendered":"Datenschutzerkl\u00e4rung"},"content":{"rendered":"<h2>Datenschutz<\/h2>\n<p>Die Betreiber dieser Seiten nehmen<br \/>\nden Schutz Ihrer pers\u00f6nlichen Daten sehr ernst. Wir behandeln Ihre personenbezogenen Daten<br \/>\nvertraulich und entsprechend der gesetzlichen Datenschutzvorschriften sowie dieser<br \/>\nDatenschutzerkl\u00e4rung.<\/p>\n<p>Die Nutzung unserer Website ist in der Regel ohne Angabe<br \/>\npersonenbezogener Daten m\u00f6glich. Soweit auf unseren Seiten personenbezogene Daten<br \/>\n(beispielsweise Name, Anschrift oder E-Mail-Adressen) erhoben werden, erfolgt dies, soweit<br \/>\nm\u00f6glich, stets auf freiwilliger Basis. Diese Daten werden ohne Ihre ausdr\u00fcckliche Zustimmung<br \/>\nnicht an Dritte weitergegeben.<\/p>\n<p>Wir weisen darauf hin, dass die Daten\u00fcbertragung im Internet<br \/>\n(z.B. bei der Kommunikation per E-Mail) Sicherheitsl\u00fccken aufweisen kann. Ein l\u00fcckenloser<br \/>\nSchutz der Daten vor dem Zugriff durch Dritte ist nicht m\u00f6glich.<\/p>\n<h2>Cookies<\/h2>\n<p>Die Internetseiten verwenden teilweise so genannte Cookies. Cookies richten auf<br \/>\nIhrem Rechner keinen Schaden an und enthalten keine Viren. Cookies dienen dazu, unser Angebot<br \/>\nnutzerfreundlicher, effektiver und sicherer zu machen. Cookies sind kleine Textdateien, die auf Ihrem<br \/>\nRechner abgelegt werden und die Ihr Browser speichert.<\/p>\n<p>Die meisten der von uns verwendeten<br \/>\nCookies sind so genannte \u201eSession-Cookies\u201c. Sie werden nach Ende Ihres Besuchs automatisch<br \/>\ngel\u00f6scht. Andere Cookies bleiben auf Ihrem Endger\u00e4t gespeichert, bis Sie diese l\u00f6schen.<br \/>\nDiese Cookies erm\u00f6glichen es uns, Ihren Browser beim n\u00e4chsten Besuch<br \/>\nwiederzuerkennen.<\/p>\n<p>Sie k\u00f6nnen Ihren Browser so einstellen, dass Sie \u00fcber das Setzen<br \/>\nvon Cookies informiert werden und Cookies nur im Einzelfall erlauben, die Annahme von Cookies f\u00fcr<br \/>\nbestimmte F\u00e4lle oder generell ausschlie\u00dfen sowie das automatische L\u00f6schen der<br \/>\nCookies beim Schlie\u00dfen des Browser aktivieren. Bei der Deaktivierung von Cookies kann die<\/p>\n<p>Funktionalit\u00e4t dieser Website eingeschr\u00e4nkt sein.<\/p>\n<h2>Server-Log-<br \/>\nFiles<\/h2>\n<p>Der Provider der Seiten erhebt und speichert automatisch Informationen in so genannten<\/p>\n<p>Server-Log Files, die Ihr Browser automatisch an uns \u00fcbermittelt. Dies sind:<\/p>\n<ul>\n<li>Browsertyp und Browserversion<\/li>\n<li>verwendetes Betriebssystem<\/li>\n<li>Referrer URL<\/li>\n<li>Hostname des zugreifenden Rechners<\/li>\n<li>Uhrzeit der Serveranfrage<\/li>\n<\/ul>\n<p>Diese Daten<br \/>\nsind nicht bestimmten Personen zuordenbar. Eine Zusammenf\u00fchrung dieser Daten mit anderen<br \/>\nDatenquellen wird nicht vorgenommen. Wir behalten uns vor, diese Daten nachtr\u00e4glich zu<br \/>\npr\u00fcfen, wenn uns konkrete Anhaltspunkte f\u00fcr eine rechtswidrige Nutzung bekannt<br \/>\nwerden.<\/p>\n<h2>Kontaktformular<\/h2>\n<p>Wenn Sie uns per Kontaktformular Anfragen<br \/>\nzukommen lassen, werden Ihre Angaben aus dem Anfrageformular inklusive der von Ihnen dort<br \/>\nangegebenen Kontaktdaten zwecks Bearbeitung der Anfrage und f\u00fcr den Fall von Anschlussfragen<br \/>\nbei uns gespeichert. Diese Daten geben wir nicht ohne Ihre Einwilligung weiter.<\/p>\n<h2>Google Analytics<\/h2>\n<p>Diese Website nutzt Funktionen des Webanalysedienstes Google<br \/>\nAnalytics. Anbieter ist die Google Inc., 1600 Amphitheatre Parkway Mountain View, CA 94043, USA.<\/p>\n<p>Google Analytics verwendet so genannte &#8222;Cookies&#8220;. Das sind Textdateien, die auf Ihrem<br \/>\nComputer gespeichert werden und die eine Analyse der Benutzung der Website durch Sie<br \/>\nerm\u00f6glichen. Die durch den Cookie erzeugten Informationen \u00fcber Ihre Benutzung dieser<br \/>\nWebsite werden in der Regel an einen Server von Google in den USA \u00fcbertragen und dort<br \/>\ngespeichert.<\/p>\n<p><strong>IP Anonymisierung<\/strong><\/p>\n<p>Wir haben auf dieser Website die<br \/>\nFunktion IP-Anonymisierung aktiviert. Dadurch wird Ihre IP-Adresse von Google innerhalb von<br \/>\nMitgliedstaaten der Europ\u00e4ischen Union oder in anderen Vertragsstaaten des Abkommens<br \/>\n\u00fcber den Europ\u00e4ischen Wirtschaftsraum vor der \u00dcbermittlung in die USA gek\u00fcrzt.<br \/>\nNur in Ausnahmef\u00e4llen wird die volle IP-Adresse an einen Server von Google in den USA<br \/>\n\u00fcbertragen und dort gek\u00fcrzt. Im Auftrag des Betreibers dieser Website wird Google diese<br \/>\nInformationen benutzen, um Ihre Nutzung der Website auszuwerten, um Reports \u00fcber die<br \/>\nWebsiteaktivit\u00e4ten zusammenzustellen und um weitere mit der Websitenutzung und der<br \/>\nInternetnutzung verbundene Dienstleistungen gegen\u00fcber dem Websitebetreiber zu erbringen. Die im<br \/>\nRahmen von Google Analytics von Ihrem Browser \u00fcbermittelte IP-Adresse wird nicht mit anderen<br \/>\nDaten von Google zusammengef\u00fchrt.<\/p>\n<p><strong>Browser Plugin<\/strong><\/p>\n<p>Sie<br \/>\nk\u00f6nnen die Speicherung der Cookies durch eine entsprechende Einstellung Ihrer Browser-Software<br \/>\nverhindern; wir weisen Sie jedoch darauf hin, dass Sie in diesem Fall gegebenenfalls nicht s\u00e4mtliche<br \/>\nFunktionen dieser Website vollumf\u00e4nglich werden nutzen k\u00f6nnen. Sie k\u00f6nnen<br \/>\ndar\u00fcber hinaus die Erfassung der durch den Cookie erzeugten und auf Ihre Nutzung der Website<br \/>\nbezogenen Daten (inkl. Ihrer IP-Adresse) an Google sowie die Verarbeitung dieser Daten durch Google<br \/>\nverhindern, indem Sie das unter dem folgenden Link verf\u00fcgbare Browser-Plugin herunterladen und<\/p>\n<p>installieren: <a href=\"https:\/\/tools.google.com\/dlpage\/gaoptout?hl=de\" target=\"_blank\" rel=\"noopener noreferrer\">https:\/\/tools.google.com\/dlpage\/gaoptout?hl=de<\/a><\/p>\n<p><strong>Widerspruch gegen<br \/>\nDatenerfassung<\/strong><\/p>\n<p>Sie k\u00f6nnen die Erfassung Ihrer Daten durch Google Analytics<br \/>\nverhindern, indem Sie auf folgenden Link klicken. Es wird ein Opt-Out-Cookie gesetzt, der die Erfassung<br \/>\nIhrer Daten bei zuk\u00fcnftigen Besuchen dieser Website verhindert: <a>Google Analytics deaktivieren<\/a><\/p>\n<p>Mehr Informationen zum<br \/>\nUmgang mit Nutzerdaten bei Google Analytics finden Sie in der Datenschutzerkl\u00e4rung von Google:<br \/>\n<a href=\"https:\/\/support.google.com\/analytics\/answer\/6004245?hl=de\" target=\"_blank\" rel=\"noopener noreferrer\">https:\/\/support.google.com\/analytics\/answer\/6004245?hl=de<\/a><\/p>\n<p><strong>Demografische<br \/>\nMerkmale bei Google Analytics<\/strong><\/p>\n<p>Diese Website nutzt die Funktion \u201cdemografische<br \/>\nMerkmale\u201d von Google Analytics. Dadurch k\u00f6nnen Berichte erstellt werden, die Aussagen zu<br \/>\nAlter, Geschlecht und Interessen der Seitenbesucher enthalten. Diese Daten stammen aus<br \/>\ninteressenbezogener Werbung von Google sowie aus Besucherdaten von Drittanbietern. Diese Daten<br \/>\nk\u00f6nnen keiner bestimmten Person zugeordnet werden. Sie k\u00f6nnen diese Funktion jederzeit<br \/>\n\u00fcber die Anzeigeneinstellungen in Ihrem Google-Konto deaktivieren oder die Erfassung Ihrer Daten<br \/>\ndurch Google Analytics wie im Punkt \u201cWiderspruch gegen Datenerfassung\u201d dargestellt<br \/>\ngenerell untersagen.<\/p>\n<h2>Google AdSense<\/h2>\n<p>1. Unsere Website nutzt Google AdSense, einen Online-Werbedienst der Google Inc. (\u201eGoogle\u201c). Google AdSense verwendet sog. \u201eCookies\u201c, Textdateien, die auf dem Computer der Nutzer gespeichert werden und die eine Analyse der Benutzung der Website erm\u00f6glicht. Google AdSense verwendet auch sogenannte Web Beacons (unsichtbare Grafiken). Durch diese Web Beacons k\u00f6nnen Informationen wie der Besucherverkehr auf den Seiten dieses Angebots ausgewertet werden. Die durch Cookies und Web Beacons erzeugten Informationen \u00fcber die Benutzung dieser Website (einschlie\u00dflich der IP-Adresse der Nutzer) und Auslieferung von Werbeformaten werden an einen Server von Google in den USA \u00fcbertragen und dort gespeichert. Diese Informationen k\u00f6nnen von Google an Vertragspartner von Google weiter gegeben werden. Google wird Ihre IP-Adresse jedoch nicht mit anderen von Ihnen gespeicherten Daten zusammenf\u00fchren.<\/p>\n<p>2. Nutzer k\u00f6nnen die Installation der Cookies von Google AdSense auf verschiedene Weise verhindern:<\/p>\n<p>a) durch eine entsprechende Einstellung der Browser-Software;<br \/>\nb) durch Deaktivierung der interessenbezogenen Anzeigen bei<span>\u00a0<\/span><a href=\"http:\/\/www.google.de\/ads\/preferences\" target=\"_blank\" rel=\"noopener noreferrer\">Google<\/a>;<br \/>\nc) durch Deaktivierung der interessenbezogenen Anzeigen der Anbieter, die Teil der Selbstregulierungs-Kampagne \u201e<a href=\"http:\/\/www.aboutads.info\/choices\" target=\"_blank\" rel=\"noopener noreferrer\">About Ads<\/a>\u201c sind;<br \/>\nd) durch dauerhafte Deaktivierung durch ein Browser-Plug-in.<\/p>\n<p>Die Einstellungen unter b) und c) werden gel\u00f6scht, wenn Cookies in den Browsereinstellungen gel\u00f6scht werden.<\/p>\n<p>3. N\u00e4here Informationen zu Datenschutz und Cookies f\u00fcr Werbung bei Google AdSense sind in der<span>\u00a0<\/span><a href=\"http:\/\/www.google.de\/policies\/privacy\/\" target=\"_blank\" rel=\"noopener noreferrer\">Datenschutzerkl\u00e4rung von Google<\/a>, insbesondere unter den folgenden Links zu finden:<\/p>\n<p><a href=\"https:\/\/web.archive.org\/web\/20170206135146\/https:\/\/support.google.com\/adsense\/answer\/2839090\" target=\"_blank\" rel=\"noopener noreferrer\">http:\/\/www.google.de\/policies\/privacy\/partners\/<\/a><br \/>\n<a href=\"http:\/\/www.google.de\/intl\/de\/policies\/technologies\/ads\" target=\"_blank\" rel=\"noopener noreferrer\">http:\/\/www.google.de\/intl\/de\/policies\/technologies\/ads<\/a><br \/>\n<a href=\"https:\/\/web.archive.org\/web\/20170206135146\/https:\/\/support.google.com\/adsense\/answer\/2839090\" target=\"_blank\" rel=\"noopener noreferrer\">http:\/\/support.google.com\/adsense\/answer\/2839090<\/a><\/p>\n<h2>Google+<\/h2>\n<p>Unsere Seiten nutzen Funktionen von<br \/>\nGoogle+. Anbieter ist die Google Inc., 1600 Amphitheatre Parkway Mountain View, CA 94043, USA.<\/p>\n<p>Erfassung und Weitergabe von Informationen: Mithilfe der Google+-Schaltfl\u00e4che k\u00f6nnen<br \/>\nSie Informationen weltweit ver\u00f6ffentlichen. \u00dcber die Google+-Schaltfl\u00e4che erhalten Sie<br \/>\nund andere Nutzer personalisierte Inhalte von Google und unseren Partnern. Google speichert sowohl die<br \/>\nInformation, dass Sie f\u00fcr einen Inhalt +1 gegeben haben, als auch Informationen \u00fcber die<br \/>\nSeite, die Sie beim Klicken auf +1 angesehen haben. Ihre +1 k\u00f6nnen als Hinweise zusammen mit<br \/>\nIhrem Profilnamen und Ihrem Foto in Google-Diensten, wie etwa in Suchergebnissen oder in Ihrem<br \/>\nGoogle-Profil, oder an anderen Stellen auf Websites und Anzeigen im Internet eingeblendet werden.<\/p>\n<p>Google zeichnet Informationen \u00fcber Ihre +1-Aktivit\u00e4ten auf, um die Google-Dienste<br \/>\nf\u00fcr Sie und andere zu verbessern. Um die Google+-Schaltfl\u00e4che verwenden zu k\u00f6nnen,<br \/>\nben\u00f6tigen Sie ein weltweit sichtbares, \u00f6ffentliches Google-Profil, das zumindest den f\u00fcr<br \/>\ndas Profil gew\u00e4hlten Namen enthalten muss. Dieser Name wird in allen Google-Diensten verwendet.<br \/>\nIn manchen F\u00e4llen kann dieser Name auch einen anderen Namen ersetzen, den Sie beim Teilen<br \/>\nvon Inhalten \u00fcber Ihr Google-Konto verwendet haben. Die Identit\u00e4t Ihres Google-Profils kann<br \/>\nNutzern angezeigt werden, die Ihre E-Mail-Adresse kennen oder \u00fcber andere identifizierende<br \/>\nInformationen von Ihnen verf\u00fcgen.<\/p>\n<p>Verwendung der erfassten Informationen: Neben den<br \/>\noben erl\u00e4uterten Verwendungszwecken werden die von Ihnen bereitgestellten Informationen<br \/>\ngem\u00e4\u00df den geltenden Google-Datenschutzbestimmungen genutzt. Google ver\u00f6ffentlicht<br \/>\nm\u00f6glicherweise zusammengefasste Statistiken \u00fcber die +1-Aktivit\u00e4ten der Nutzer bzw.<br \/>\ngibt diese an Nutzer und Partner weiter, wie etwa Publisher, Inserenten oder verbundene<br \/>\nWebsites.<\/p>\n<h2>YouTube<\/h2>\n<p>Unsere Website nutzt Plugins der von Google<br \/>\nbetriebenen Seite YouTube. Betreiber der Seiten ist die YouTube, LLC, 901 Cherry Ave., San Bruno, CA<br \/>\n94066, USA. Wenn Sie eine unserer mit einem YouTube-Plugin ausgestatteten Seiten besuchen, wird<br \/>\neine Verbindung zu den Servern von YouTube hergestellt. Dabei wird dem Youtube-Server mitgeteilt,<br \/>\nwelche unserer Seiten Sie besucht haben.<\/p>\n<p>Wenn Sie in Ihrem YouTube-Account eingeloggt sind<br \/>\nerm\u00f6glichen Sie YouTube, Ihr Surfverhalten direkt Ihrem pers\u00f6nlichen Profil zuzuordnen. Dies<br \/>\nk\u00f6nnen Sie verhindern, indem Sie sich aus Ihrem YouTube-Account ausloggen.<\/p>\n<p>Weitere<br \/>\nInformationen zum Umgang von Nutzerdaten finden Sie in der Datenschutzerkl\u00e4rung von YouTube<br \/>\nunter: <a href=\"https:\/\/www.google.de\/intl\/de\/policies\/privacy\" target=\"_blank\" rel=\"noopener noreferrer\">https:\/\/www.google.de\/intl\/de\/policies\/privacy<\/a><\/p>\n<h2 class=\"headline\">Amazon-Partnerprogramm<\/h2>\n<p>TekkieBros ist Teilnehmer des Partnerprogramms von Amazon EU, das zur Bereitstellung eines Mediums f\u00fcr Websites konzipiert wurde, mittels dessen durch die Platzierung von Werbeanzeigen und Links zu Amazon.de Werbekostenerstattung verdient werden kann. Amazon setzt Cookies ein, um die Herkunft der Bestellungen nachvollziehen zu k\u00f6nnen. Unter anderem kann Amazon erkennen, dass Sie den Partnerlink auf dieser Website geklickt haben. Weitere Informationen zur Datennutzung durch Amazon erhalten Sie in der\u00a0<a href=\"http:\/\/www.amazon.de\/gp\/help\/customer\/display.html\/ref=footer_privacy?ie=UTF8&amp;nodeId=3312401\" target=\"_blank\" rel=\"nofollow noopener noreferrer\">Datenschutzerkl\u00e4rung<\/a>\u00a0des Unternehmens.<\/p>\n<h2>Kommentarfunktion auf dieser Website<\/h2>\n<p>F\u00fcr die Kommentarfunktion auf dieser Seite<\/p>\n<p>werden neben Ihrem Kommentar auch Angaben zum Zeitpunkt der Erstellung des Kommentars, Ihre E-<br \/>\nMail-Adresse und, wenn Sie nicht anonym posten, der von Ihnen gew\u00e4hlte Nutzername<\/p>\n<p>gespeichert.<\/p>\n<h2>SSL-Verschl\u00fcsselung<\/h2>\n<p>Diese Seite nutzt aus<br \/>\nGr\u00fcnden der Sicherheit und zum Schutz der \u00dcbertragung vertraulicher Inhalte, wie zum<br \/>\nBeispiel der Anfragen, die Sie an uns als Seitenbetreiber senden, eine SSL-Verschl\u00fcsselung. Eine<br \/>\nverschl\u00fcsselte Verbindung erkennen Sie daran, dass die Adresszeile des Browsers von<br \/>\n&#8222;http:\/\/&#8220; auf &#8222;https:\/\/&#8220; wechselt und an dem Schloss-Symbol in Ihrer<br \/>\nBrowserzeile.<\/p>\n<p>Wenn die SSL Verschl\u00fcsselung aktiviert ist, k\u00f6nnen die Daten, die Sie<br \/>\nan uns \u00fcbermitteln, nicht von Dritten mitgelesen werden.<\/p>\n<h2>Widerspruch<\/h2>\n<p>Werbe-Mails<\/p>\n<p>Der Nutzung von im Rahmen der Impressumspflicht ver\u00f6ffentlichten<br \/>\nKontaktdaten zur \u00dcbersendung von nicht ausdr\u00fccklich angeforderter Werbung und<br \/>\nInformationsmaterialien wird hiermit widersprochen. Die Betreiber der Seiten behalten sich<br \/>\nausdr\u00fccklich rechtliche Schritte im Falle der unverlangten Zusendung von Werbeinformationen, etwa<\/p>\n<p>durch Spam-E-Mails, vor.<\/p>\n<p>Quelle: <a href=\"https:\/\/www.e- recht24.de\">https:\/\/www.e-recht24.de<\/a><\/p>\n","protected":false},"excerpt":{"rendered":"<p>Datenschutz Die Betreiber dieser Seiten nehmen den Schutz Ihrer pers\u00f6nlichen Daten sehr ernst. Wir behandeln Ihre personenbezogenen Daten vertraulich und entsprechend der gesetzlichen Datenschutzvorschriften sowie dieser Datenschutzerkl\u00e4rung. Die Nutzung unserer Website ist in der Regel ohne Angabe personenbezogener Daten m\u00f6glich. Soweit auf unseren Seiten personenbezogene Daten (beispielsweise Name, Anschrift oder [&hellip;]<\/p>\n","protected":false},"author":1,"featured_media":0,"parent":0,"menu_order":0,"comment_status":"closed","ping_status":"closed","template":"","meta":{"footnotes":""},"class_list":["post-152","page","type-page","status-publish","hentry"],"yoast_head":"<!-- This site is optimized with the Yoast SEO plugin v25.2 - https:\/\/yoast.com\/wordpress\/plugins\/seo\/ -->\n<title>Datenschutzerkl\u00e4rung &#8212; Tekkiebros<\/title>\n<meta name=\"robots\" content=\"index, follow, max-snippet:-1, max-image-preview:large, max-video-preview:-1\" \/>\n<link rel=\"canonical\" href=\"https:\/\/www.tekkiebros.de\/index.php\/datenschutz\/\" \/>\n<meta property=\"og:locale\" content=\"de_DE\" \/>\n<meta property=\"og:type\" content=\"article\" \/>\n<meta property=\"og:title\" content=\"Datenschutzerkl\u00e4rung &#8212; Tekkiebros\" \/>\n<meta property=\"og:description\" content=\"Datenschutz Die Betreiber dieser Seiten nehmen den Schutz Ihrer pers\u00f6nlichen Daten sehr ernst. Wir behandeln Ihre personenbezogenen Daten vertraulich und entsprechend der gesetzlichen Datenschutzvorschriften sowie dieser Datenschutzerkl\u00e4rung. Die Nutzung unserer Website ist in der Regel ohne Angabe personenbezogener Daten m\u00f6glich. Soweit auf unseren Seiten personenbezogene Daten (beispielsweise Name, Anschrift oder [&hellip;]\" \/>\n<meta property=\"og:url\" content=\"https:\/\/www.tekkiebros.de\/index.php\/datenschutz\/\" \/>\n<meta property=\"og:site_name\" content=\"Tekkiebros\" \/>\n<meta property=\"article:modified_time\" content=\"2020-05-07T13:58:26+00:00\" \/>\n<meta name=\"twitter:card\" content=\"summary_large_image\" \/>\n<meta name=\"twitter:label1\" content=\"Gesch\u00e4tzte Lesezeit\" \/>\n\t<meta name=\"twitter:data1\" content=\"8\u00a0Minuten\" \/>\n<script type=\"application\/ld+json\" class=\"yoast-schema-graph\">{\"@context\":\"https:\/\/schema.org\",\"@graph\":[{\"@type\":\"WebPage\",\"@id\":\"https:\/\/www.tekkiebros.de\/index.php\/datenschutz\/\",\"url\":\"https:\/\/www.tekkiebros.de\/index.php\/datenschutz\/\",\"name\":\"Datenschutzerkl\u00e4rung &#8212; Tekkiebros\",\"isPartOf\":{\"@id\":\"https:\/\/www.tekkiebros.de\/#website\"},\"datePublished\":\"2018-04-26T10:17:45+00:00\",\"dateModified\":\"2020-05-07T13:58:26+00:00\",\"breadcrumb\":{\"@id\":\"https:\/\/www.tekkiebros.de\/index.php\/datenschutz\/#breadcrumb\"},\"inLanguage\":\"de\",\"potentialAction\":[{\"@type\":\"ReadAction\",\"target\":[\"https:\/\/www.tekkiebros.de\/index.php\/datenschutz\/\"]}]},{\"@type\":\"BreadcrumbList\",\"@id\":\"https:\/\/www.tekkiebros.de\/index.php\/datenschutz\/#breadcrumb\",\"itemListElement\":[{\"@type\":\"ListItem\",\"position\":1,\"name\":\"Startseite\",\"item\":\"https:\/\/www.tekkiebros.de\/\"},{\"@type\":\"ListItem\",\"position\":2,\"name\":\"Datenschutzerkl\u00e4rung\"}]},{\"@type\":\"WebSite\",\"@id\":\"https:\/\/www.tekkiebros.de\/#website\",\"url\":\"https:\/\/www.tekkiebros.de\/\",\"name\":\"Tekkiebros\",\"description\":\"\",\"publisher\":{\"@id\":\"https:\/\/www.tekkiebros.de\/#organization\"},\"potentialAction\":[{\"@type\":\"SearchAction\",\"target\":{\"@type\":\"EntryPoint\",\"urlTemplate\":\"https:\/\/www.tekkiebros.de\/?s={search_term_string}\"},\"query-input\":{\"@type\":\"PropertyValueSpecification\",\"valueRequired\":true,\"valueName\":\"search_term_string\"}}],\"inLanguage\":\"de\"},{\"@type\":\"Organization\",\"@id\":\"https:\/\/www.tekkiebros.de\/#organization\",\"name\":\"Tekkiebros\",\"url\":\"https:\/\/www.tekkiebros.de\/\",\"logo\":{\"@type\":\"ImageObject\",\"inLanguage\":\"de\",\"@id\":\"https:\/\/www.tekkiebros.de\/#\/schema\/logo\/image\/\",\"url\":\"https:\/\/www.tekkiebros.de\/wp-content\/uploads\/TekkieBros-Logo_small-Kopie.jpg\",\"contentUrl\":\"https:\/\/www.tekkiebros.de\/wp-content\/uploads\/TekkieBros-Logo_small-Kopie.jpg\",\"width\":320,\"height\":106,\"caption\":\"Tekkiebros\"},\"image\":{\"@id\":\"https:\/\/www.tekkiebros.de\/#\/schema\/logo\/image\/\"}}]}<\/script>\n<!-- \/ Yoast SEO plugin. -->","yoast_head_json":{"title":"Datenschutzerkl\u00e4rung &#8212; Tekkiebros","robots":{"index":"index","follow":"follow","max-snippet":"max-snippet:-1","max-image-preview":"max-image-preview:large","max-video-preview":"max-video-preview:-1"},"canonical":"https:\/\/www.tekkiebros.de\/index.php\/datenschutz\/","og_locale":"de_DE","og_type":"article","og_title":"Datenschutzerkl\u00e4rung &#8212; Tekkiebros","og_description":"Datenschutz Die Betreiber dieser Seiten nehmen den Schutz Ihrer pers\u00f6nlichen Daten sehr ernst. Wir behandeln Ihre personenbezogenen Daten vertraulich und entsprechend der gesetzlichen Datenschutzvorschriften sowie dieser Datenschutzerkl\u00e4rung. Die Nutzung unserer Website ist in der Regel ohne Angabe personenbezogener Daten m\u00f6glich. Soweit auf unseren Seiten personenbezogene Daten (beispielsweise Name, Anschrift oder [&hellip;]","og_url":"https:\/\/www.tekkiebros.de\/index.php\/datenschutz\/","og_site_name":"Tekkiebros","article_modified_time":"2020-05-07T13:58:26+00:00","twitter_card":"summary_large_image","twitter_misc":{"Gesch\u00e4tzte Lesezeit":"8\u00a0Minuten"},"schema":{"@context":"https:\/\/schema.org","@graph":[{"@type":"WebPage","@id":"https:\/\/www.tekkiebros.de\/index.php\/datenschutz\/","url":"https:\/\/www.tekkiebros.de\/index.php\/datenschutz\/","name":"Datenschutzerkl\u00e4rung &#8212; Tekkiebros","isPartOf":{"@id":"https:\/\/www.tekkiebros.de\/#website"},"datePublished":"2018-04-26T10:17:45+00:00","dateModified":"2020-05-07T13:58:26+00:00","breadcrumb":{"@id":"https:\/\/www.tekkiebros.de\/index.php\/datenschutz\/#breadcrumb"},"inLanguage":"de","potentialAction":[{"@type":"ReadAction","target":["https:\/\/www.tekkiebros.de\/index.php\/datenschutz\/"]}]},{"@type":"BreadcrumbList","@id":"https:\/\/www.tekkiebros.de\/index.php\/datenschutz\/#breadcrumb","itemListElement":[{"@type":"ListItem","position":1,"name":"Startseite","item":"https:\/\/www.tekkiebros.de\/"},{"@type":"ListItem","position":2,"name":"Datenschutzerkl\u00e4rung"}]},{"@type":"WebSite","@id":"https:\/\/www.tekkiebros.de\/#website","url":"https:\/\/www.tekkiebros.de\/","name":"Tekkiebros","description":"","publisher":{"@id":"https:\/\/www.tekkiebros.de\/#organization"},"potentialAction":[{"@type":"SearchAction","target":{"@type":"EntryPoint","urlTemplate":"https:\/\/www.tekkiebros.de\/?s={search_term_string}"},"query-input":{"@type":"PropertyValueSpecification","valueRequired":true,"valueName":"search_term_string"}}],"inLanguage":"de"},{"@type":"Organization","@id":"https:\/\/www.tekkiebros.de\/#organization","name":"Tekkiebros","url":"https:\/\/www.tekkiebros.de\/","logo":{"@type":"ImageObject","inLanguage":"de","@id":"https:\/\/www.tekkiebros.de\/#\/schema\/logo\/image\/","url":"https:\/\/www.tekkiebros.de\/wp-content\/uploads\/TekkieBros-Logo_small-Kopie.jpg","contentUrl":"https:\/\/www.tekkiebros.de\/wp-content\/uploads\/TekkieBros-Logo_small-Kopie.jpg","width":320,"height":106,"caption":"Tekkiebros"},"image":{"@id":"https:\/\/www.tekkiebros.de\/#\/schema\/logo\/image\/"}}]}},"_links":{"self":[{"href":"https:\/\/www.tekkiebros.de\/index.php\/wp-json\/wp\/v2\/pages\/152","targetHints":{"allow":["GET"]}}],"collection":[{"href":"https:\/\/www.tekkiebros.de\/index.php\/wp-json\/wp\/v2\/pages"}],"about":[{"href":"https:\/\/www.tekkiebros.de\/index.php\/wp-json\/wp\/v2\/types\/page"}],"author":[{"embeddable":true,"href":"https:\/\/www.tekkiebros.de\/index.php\/wp-json\/wp\/v2\/users\/1"}],"replies":[{"embeddable":true,"href":"https:\/\/www.tekkiebros.de\/index.php\/wp-json\/wp\/v2\/comments?post=152"}],"version-history":[{"count":5,"href":"https:\/\/www.tekkiebros.de\/index.php\/wp-json\/wp\/v2\/pages\/152\/revisions"}],"predecessor-version":[{"id":461,"href":"https:\/\/www.tekkiebros.de\/index.php\/wp-json\/wp\/v2\/pages\/152\/revisions\/461"}],"wp:attachment":[{"href":"https:\/\/www.tekkiebros.de\/index.php\/wp-json\/wp\/v2\/media?parent=152"}],"curies":[{"name":"wp","href":"https:\/\/api.w.org\/{rel}","templated":true}]}}